{"id":998,"date":"2015-04-01T10:00:29","date_gmt":"2015-04-01T10:00:29","guid":{"rendered":"http:\/\/naturschoen-kosmetik.de\/?page_id=998"},"modified":"2015-04-01T11:00:17","modified_gmt":"2015-04-01T11:00:17","slug":"fruchtsauren-behandlung","status":"publish","type":"page","link":"http:\/\/word.naturschoen-kosmetik.de\/?page_id=998","title":{"rendered":"FRUCHTS\u00c4UREN BEHANDLUNG"},"content":{"rendered":"<table cellspacing=\"2\" cellpadding=\"2\">\n<tbody>\n<tr>\n<td>\n<h1><strong>Dermazeutische Fruchts\u00e4uren Behandlung<\/strong><\/h1>\n<\/td>\n<\/tr>\n<tr>\n<td>\n<ul><strong>\u201eEine Raupe die zum Schmetterling wird\u201c<\/ul>\n<p><\/strong>\n<\/td>\n<\/tr>\n<tr>\n<td>\nDurch verschiedene Umwelteinfl\u00fcsse und vermehrte Stressfaktoren der heutigen Zeit, reagiert der K\u00f6rper mit verschiedenen Abwehrmechanismen, die vor allem auf der Haut sichtbar werden.<br \/>\nVermehrte Hautablagerungen, Verhornungen und St\u00f6rungen der Hautfunktion sind die Folgen.<\/p>\n<p>Um die Haut mit den notwendigen Wirkstoffen versorgen zu k\u00f6nnen, sollten die Ablagerungen in und auf der Haut gel\u00f6st werden. Die Haut ist erst dann in der Lage, wichtige Inhaltsstoffe aufzunehmen und die Haut zu regenerieren.<\/p>\n<p>Verschiedene Konzentrationen dieser Fruchts\u00e4uren erm\u00f6glichen eine individuelle Behandlung der jeweiligen Haut nach gr\u00fcndlicher Hautanalyse.<\/p>\n<h2><strong>Die Problemfelder:<\/h2>\n<p><\/strong><\/p>\n<ul>\n<li style=\"text-indent: 10px;\"><strong>unreine, jugendliche\/erwachsene Haut<\/strong><\/li>\n<li style=\"text-indent: 10px;\"><strong>Falten<\/strong><\/li>\n<li style=\"text-indent: 10px;\"><strong>Pigmentflecken<\/strong><\/li>\n<li style=\"text-indent: 10px;\"><strong>Pigmentver\u00e4nderungen und Unregelm\u00e4\u00dfigkeiten<\/strong><\/li>\n<li style=\"text-indent: 10px;\"><strong>Oberfl\u00e4chige Vernarbungen<\/strong><\/li>\n<li style=\"text-indent: 10px;\"><strong>Oberfl\u00e4chige Vernarbungen<\/strong><\/li>\n<li style=\"text-indent: 10px;\"><strong>kosmetische Vor- und Nachbehandlungen nach Operationen<\/strong><\/li>\n<li style=\"text-indent: 10px;\"><strong>Altersflecken\/Altershaut<\/strong><\/li>\n<li style=\"text-indent: 10px;\"><strong>gro\u00dfporige Haut<\/strong><\/li>\n<li style=\"text-indent: 10px;\"><strong>Pigmentflecken bei jungen Frauen<\/strong><\/li>\n<li style=\"text-indent: 10px;\"><strong>lichtgesch\u00e4digte Haut<\/strong><\/li>\n<li style=\"text-indent: 10px;\"><strong>Verbesserung bei Hautrissen<\/strong><\/li>\n<\/ul>\n<\/td>\n<\/tr>\n<\/tbody>\n<\/table>\n<p><!--nextpage--><\/p>\n<table cellspacing=\"2\" cellpadding=\"2\">\n<tbody>\n<tr>\n<td>\n<img loading=\"lazy\" decoding=\"async\" src=\"http:\/\/naturschoen-kosmetik.de\/wp-content\/uploads\/2014\/02\/Dermazeutische-Fruchtsaeurebehandlung.jpg\" alt=\"\" title=\"Dermazeutische-Fruchtsaeurebehandlung\" width=\"400\" height=\"565\" class=\"aligncenter size-full wp-image-860\" srcset=\"http:\/\/word.naturschoen-kosmetik.de\/wp-content\/uploads\/2014\/02\/Dermazeutische-Fruchtsaeurebehandlung.jpg 400w, http:\/\/word.naturschoen-kosmetik.de\/wp-content\/uploads\/2014\/02\/Dermazeutische-Fruchtsaeurebehandlung-212x300.jpg 212w\" sizes=\"auto, (max-width: 400px) 100vw, 400px\" \/>\n<\/td>\n<\/tr>\n<tr>\n<td>\n<h2><strong>Preise:<\/strong><\/h2>\n<\/td>\n<td width=\"50\"><\/td>\n<\/tr>\n<tr>\n<td>Anti &#8211; Aging Behandlung<\/td>\n<td style=\"text-align: right;\">69,-\u20ac<\/td>\n<\/tr>\n<tr>\n<td>Unreine Haut<\/td>\n<td style=\"text-align: right;\">75,-\u20ac<\/td>\n<\/tr>\n<tr>\n<td>Teeniebehandlung<\/td>\n<td style=\"text-align: right;\">55,-\u20ac<\/td>\n<\/tr>\n<tr>\n<td>\n<h3><strong>Kurempfehlung: 4 Behandlungen &#8211; 20% Nachlass <\/strong><\/h3>\n<\/td>\n<\/tr>\n<\/tbody>\n<\/table>\n","protected":false},"excerpt":{"rendered":"<p>Dermazeutische Fruchts\u00e4uren Behandlung \u201eEine Raupe die zum Schmetterling wird\u201c Durch verschiedene Umwelteinfl\u00fcsse und vermehrte Stressfaktoren der heutigen Zeit, reagiert der K\u00f6rper mit verschiedenen Abwehrmechanismen, die vor allem auf der Haut sichtbar werden. Vermehrte Hautablagerungen, Verhornungen und St\u00f6rungen der Hautfunktion sind &hellip; <a href=\"http:\/\/word.naturschoen-kosmetik.de\/?page_id=998\">Continue reading <span class=\"meta-nav\">&rarr;<\/span><\/a><\/p>\n","protected":false},"author":1,"featured_media":0,"parent":0,"menu_order":0,"comment_status":"closed","ping_status":"closed","template":"onecolumn-page.php","meta":{"footnotes":""},"class_list":["post-998","page","type-page","status-publish","hentry"],"aioseo_notices":[],"_links":{"self":[{"href":"http:\/\/word.naturschoen-kosmetik.de\/index.php?rest_route=\/wp\/v2\/pages\/998","targetHints":{"allow":["GET"]}}],"collection":[{"href":"http:\/\/word.naturschoen-kosmetik.de\/index.php?rest_route=\/wp\/v2\/pages"}],"about":[{"href":"http:\/\/word.naturschoen-kosmetik.de\/index.php?rest_route=\/wp\/v2\/types\/page"}],"author":[{"embeddable":true,"href":"http:\/\/word.naturschoen-kosmetik.de\/index.php?rest_route=\/wp\/v2\/users\/1"}],"replies":[{"embeddable":true,"href":"http:\/\/word.naturschoen-kosmetik.de\/index.php?rest_route=%2Fwp%2Fv2%2Fcomments&post=998"}],"version-history":[{"count":10,"href":"http:\/\/word.naturschoen-kosmetik.de\/index.php?rest_route=\/wp\/v2\/pages\/998\/revisions"}],"predecessor-version":[{"id":1060,"href":"http:\/\/word.naturschoen-kosmetik.de\/index.php?rest_route=\/wp\/v2\/pages\/998\/revisions\/1060"}],"wp:attachment":[{"href":"http:\/\/word.naturschoen-kosmetik.de\/index.php?rest_route=%2Fwp%2Fv2%2Fmedia&parent=998"}],"curies":[{"name":"wp","href":"https:\/\/api.w.org\/{rel}","templated":true}]}}