{"id":1033,"date":"2015-04-01T10:13:50","date_gmt":"2015-04-01T10:13:50","guid":{"rendered":"http:\/\/naturschoen-kosmetik.de\/?page_id=1033"},"modified":"2015-04-01T10:14:00","modified_gmt":"2015-04-01T10:14:00","slug":"dauerhafte-haarentfernung","status":"publish","type":"page","link":"http:\/\/word.naturschoen-kosmetik.de\/?page_id=1033","title":{"rendered":"DAUERHAFTE HAARENTFERNUNG"},"content":{"rendered":"<table cellspacing=\"2\" cellpadding=\"2\">\n<tbody>\n<tr>\n<td>\n<h1><strong>IPL -Technologie<\/strong><\/h1>\n<\/td>\n<\/tr>\n<tr>\n<td>\n<ul>\n<li style=\"text-indent: 30px;\"><strong>Dauerhafte Haarentfernung<\/strong><\/li>\n<li style=\"text-indent: 30px;\"><strong>Hautverj\u00fcngung<\/strong><\/li>\n<li style=\"text-indent: 30px;\"><strong>Pigments\u00f6rung<\/strong><\/li>\n<li style=\"text-indent: 30px;\"><strong>Couperose\/Besenreiser<\/strong><\/li>\n<li style=\"text-indent: 30px;\"><strong>Akne<\/strong><\/li>\n<\/ul>\n<\/td>\n<\/tr>\n<tr>\n<td>\n<h2><strong>Haarlos sch\u00f6n<\/strong><\/h2>\n<ul>\n<li style=\"text-indent: 30px;\">nie wieder <strong><em>rasieren<\/em><\/strong><em>, <\/em>nie wieder <strong><em>epilieren<\/em><\/strong><em>, <\/em><\/li>\n<li style=\"text-indent: 30px;\">nie wieder <em><strong>zupfen,<\/strong> <\/em>nie wieder <em><strong>entwachsen<\/strong><\/em><em>, <\/em><\/li>\n<li style=\"text-indent: 30px;\">nie wieder <strong><em>eingewachsene Haare<\/em><\/strong><\/li>\n<\/ul>\n<p><strong>Mit meiner langj\u00e4hrigen Erfahrung bekommen Sie eine professionelle <strong>dauerhafte Haarentfernung<\/strong> mit der sanften <strong>IPL Methode<\/strong>. <\/strong><\/p>\n<h2><strong>Ihre IPL Garantie:<\/strong><\/h2>\n<ul><strong>schnell, wirksam, g\u00fcnsitg und sicher<\/strong><\/ul>\n<p>Die IPL-Technologie ist effektiv und wissenschaftlich erprobt in der dauerhaften Haarentfernung.<\/p>\n<p>Die IPL-Technologie ist sehr schonend und sanft zur Haut. Diese Methode ist im Gegensatz zur Laser Technologie f\u00fcr alle Hauttypen und K\u00f6rperpartien geeignet. Es ist also eine dauerhafte Haarentfernung im Gesicht, an den Beinen oder auch im Intimbereich problemlos m\u00f6glich. Die IPL-Technologie wurde durch namenhafte \u00c4rzte in klinischen Studien getestet und best\u00e4tigt.<\/td>\n<\/tr>\n<\/tbody>\n<\/table>\n<p><!--nextpage--><\/p>\n<table cellspacing=\"2\" cellpadding=\"2\">\n<tbody>\n<tr>\n<td>\n<h2><strong>Dauerhafte Haarentfernung durch Fachpersonal:<\/strong><\/h2>\n<ul><\/ul>\n<p>Sie werden bei uns vor der IPL Behandlung eingehend beraten. Wir gehen individuell auf Ihr pers\u00f6nliches Problem ein, um eine m\u00f6glichst effektive Verbesserung zu erreichen. Zun\u00e4chst testen wir Ihre Haut auf phototoxische oder thermische Reaktionen, um eventuelle Komplikationen auszuschlie\u00dfen. Dazu machen wir Sie mit unserer Behandlungsmethode vertraut, indem wir Ihnen kostenlose Testimpulse auf die Haut geben. Nehmen Sie zur Terminvereinbarung f\u00fcr eine IPL Behandlung am besten noch heute Kontakt mit uns auf &#8211; wir freuen uns auf Sie!<\/p>\n<h2><strong>Ablauf einer IPL Behandlung:<\/strong><\/h2>\n<p>Zuerst wird Ihre Haut ausf\u00fchrlich typisiert. Dazu wird auch eine kleine Testbehandlung durchgef\u00fchrt. Die IPL Behandlungen folgen in einem Abstand von 4 bis 12 Wochen. Das Ziel ist, die Haut von l\u00e4stiger Behaarung dauerhaft zu befreien.<\/p>\n<p>Die IPL-Technologie zerst\u00f6rt mit durch Licht erzeugter W\u00e4rme das Haar an der Wurzel, damit sie nach wenigen Behandlungen haarfrei sind.<\/p>\n<td>\n<\/tr>\n<\/tbody>\n<\/table>\n","protected":false},"excerpt":{"rendered":"<p>IPL -Technologie Dauerhafte Haarentfernung Hautverj\u00fcngung Pigments\u00f6rung Couperose\/Besenreiser Akne Haarlos sch\u00f6n nie wieder rasieren, nie wieder epilieren, nie wieder zupfen, nie wieder entwachsen, nie wieder eingewachsene Haare Mit meiner langj\u00e4hrigen Erfahrung bekommen Sie eine professionelle dauerhafte Haarentfernung mit der sanften IPL &hellip; <a href=\"http:\/\/word.naturschoen-kosmetik.de\/?page_id=1033\">Continue reading <span class=\"meta-nav\">&rarr;<\/span><\/a><\/p>\n","protected":false},"author":1,"featured_media":0,"parent":0,"menu_order":0,"comment_status":"closed","ping_status":"closed","template":"onecolumn-page.php","meta":{"footnotes":""},"class_list":["post-1033","page","type-page","status-publish","hentry"],"aioseo_notices":[],"_links":{"self":[{"href":"http:\/\/word.naturschoen-kosmetik.de\/index.php?rest_route=\/wp\/v2\/pages\/1033","targetHints":{"allow":["GET"]}}],"collection":[{"href":"http:\/\/word.naturschoen-kosmetik.de\/index.php?rest_route=\/wp\/v2\/pages"}],"about":[{"href":"http:\/\/word.naturschoen-kosmetik.de\/index.php?rest_route=\/wp\/v2\/types\/page"}],"author":[{"embeddable":true,"href":"http:\/\/word.naturschoen-kosmetik.de\/index.php?rest_route=\/wp\/v2\/users\/1"}],"replies":[{"embeddable":true,"href":"http:\/\/word.naturschoen-kosmetik.de\/index.php?rest_route=%2Fwp%2Fv2%2Fcomments&post=1033"}],"version-history":[{"count":4,"href":"http:\/\/word.naturschoen-kosmetik.de\/index.php?rest_route=\/wp\/v2\/pages\/1033\/revisions"}],"predecessor-version":[{"id":1037,"href":"http:\/\/word.naturschoen-kosmetik.de\/index.php?rest_route=\/wp\/v2\/pages\/1033\/revisions\/1037"}],"wp:attachment":[{"href":"http:\/\/word.naturschoen-kosmetik.de\/index.php?rest_route=%2Fwp%2Fv2%2Fmedia&parent=1033"}],"curies":[{"name":"wp","href":"https:\/\/api.w.org\/{rel}","templated":true}]}}