{"id":1008,"date":"2015-04-01T10:03:40","date_gmt":"2015-04-01T10:03:40","guid":{"rendered":"http:\/\/naturschoen-kosmetik.de\/?page_id=1008"},"modified":"2015-04-01T10:06:38","modified_gmt":"2015-04-01T10:06:38","slug":"permanent-make-up","status":"publish","type":"page","link":"http:\/\/word.naturschoen-kosmetik.de\/?page_id=1008","title":{"rendered":"PERMANENT MAKE UP"},"content":{"rendered":"<table cellspacing=\"2\" cellpadding=\"2\">\n<tbody>\n<tr>\n<td>\n<h1><strong>Permanent Make Up<\/strong><\/h1>\n<\/td>\n<\/tr>\n<tr>\n<td>\nDas Permanent Make Up dient dazu, Ihre nat\u00fcrliche Sch\u00f6nheit noch deutlicher zu unterstreichen, St\u00e4rken hervorzuheben und kleine Schw\u00e4chen unsichtbar zu machen. Vor allem aber hilft es Ihnen, Zeit zu sparen, wenn es morgens oder bei einer kurzfristigen Verabredung eben einmal schnell gehen muss und Sie trotzdem (oder erst recht) besonders gut aussehen wollen.<\/p>\n<h2><strong>Der Ablauf der Permanent Make Up Behandlung:<\/strong><\/h2>\n<p>Vor jeder Permanent Make Up Behandlung stehe ich Ihnen f\u00fcr eine ausf\u00fchrliche und sehr pers\u00f6nliche Beratung zur Verf\u00fcgung, bei der wir Farbt\u00f6ne, z.B. von permanentem Lidstrich und permanentem Lippenstift sowie Linienf\u00fchrung von Augenbrauen und permanente Lippenkonturen exakt auf Ihren Typ und Ihre W\u00fcnsche mit Ihnen abstimmen, denn schlie\u00dflich wollen und sollen Sie lang anhaltende Freude an Ihrem permanenten Make up haben. Um Ihnen schon vor der kosmetischen Make Up Behandlung einen realistischen Eindruck von dem zu erwartenden Ergebnis vermitteln zu k\u00f6nnen, zeichnen wir zun\u00e4chst die Konturlinien auf Ihrem Gesicht vor.<br \/>\nDann werden Ihre W\u00fcnsche und Anregungen mit einbezogen und so entsteht im Laufe dieser pers\u00f6nlichen Beratung der endg\u00fcltige Entwurf des Permanent Make Up, das dann im Anschluss in einer schonenden Behandlung umgesetzt und verwirklicht wird.<\/p>\n<p>Zum Abschluss der Permanent Make Up Sitzung wird dann noch einmal kontrolliert, ob das Ergebnis Ihren Erwartungen entspricht und es werden eventuell kleine Korrekturen angebracht. So sind Sie f\u00fcr eine lange Zeit von der Notwendigkeit des t\u00e4glichen Schminkrituals befreit und k\u00f6nnen sicher sein, dass Ihr Aussehen trotzdem dauerhaft und in jeder Situation des Lebens Ihren Vorstellungen entspricht.\n<\/td>\n<\/tr>\n<\/tbody>\n<\/table>\n<p><!--nextpage--><\/p>\n<table cellspacing=\"2\" cellpadding=\"2\">\n<tbody>\n<tr>\n<td>\n<h2><strong>Preise:<\/strong><\/h2>\n<\/td>\n<td width=\"50\"><\/td>\n<\/tr>\n<tr>\n<td><strong><big>Augenbraun <\/big> &#8211; Ihre Augenbraun wirken voller und nat\u00fcrlich <\/strong><\/td>\n<\/tr>\n<tr>\n<td>Neugestaltung &#038; H\u00e4rchenzeichnung<\/td>\n<td style=\"text-align: right;\">410,-\u20ac<\/td>\n<\/tr>\n<tr>\n<td>Highlight<\/td>\n<td style=\"text-align: right;\">300,-\u20ac<\/td>\n<\/tr>\n<tr>\n<td>Neugestaltung &#038; Schattierung<\/td>\n<td style=\"text-align: right;\">360,-\u20ac<\/td>\n<\/tr>\n<tr>\n<td><img loading=\"lazy\" decoding=\"async\" src=\"http:\/\/naturschoen-kosmetik.de\/wp-content\/uploads\/2013\/10\/permanent_brauen.jpg\" alt=\"\" title=\"permanent_brauen\" width=\"433\" height=\"176\" class=\"aligncenter size-full wp-image-825\" srcset=\"http:\/\/word.naturschoen-kosmetik.de\/wp-content\/uploads\/2013\/10\/permanent_brauen.jpg 433w, http:\/\/word.naturschoen-kosmetik.de\/wp-content\/uploads\/2013\/10\/permanent_brauen-300x121.jpg 300w\" sizes=\"auto, (max-width: 433px) 100vw, 433px\" \/><\/td>\n<\/tr>\n<tr>\n<td><strong><big>Augen<\/big> &#8211; Ihre Augen wirken gr\u00f6\u00dfer und ausdrucksst\u00e4rker, Ihre Wimpern dichter <\/strong><\/td>\n<\/tr>\n<tr>\n<td>Wimperkranzverdichtung Oberlid<\/td>\n<td style=\"text-align: right;\">220,-\u20ac<\/td>\n<\/tr>\n<tr>\n<td>Wimperkranzverdichtung Unterlid<\/td>\n<td style=\"text-align: right;\">190,-\u20ac<\/td>\n<\/tr>\n<tr>\n<td>Wimperkranzverdichtung Oberlid &#038; Unterlid<\/td>\n<td style=\"text-align: right;\">360,-\u20ac<\/td>\n<\/tr>\n<tr>\n<td>Lidstrich Oberlid<\/td>\n<td style=\"text-align: right;\">270,-\u20ac<\/td>\n<\/tr>\n<tr>\n<td>Lidstrich   Unterlied<\/td>\n<td style=\"text-align: right;\">240,-\u20ac<\/td>\n<\/tr>\n<td><strong><big>Lippen <\/big>&#8211; Ihr Mund wirkt gr\u00f6\u00dfer und sinnlicher<\/strong><\/td>\n<\/tr>\n<tr>\n<td>Contourzeichnung (ohne Schattierung)<\/td>\n<td style=\"text-align: right;\">370,-\u20ac<\/td>\n<\/tr>\n<tr>\n<td>Contourzeichnung (mit Einschattierung)<\/td>\n<td style=\"text-align: right;\">580,-\u20ac<\/td>\n<\/tr>\n<tr>\n<td>Lip Light<\/td>\n<td style=\"text-align: right;\">120,-\u20ac<\/td>\n<\/tr>\n<tr>\n<td><img loading=\"lazy\" decoding=\"async\" src=\"http:\/\/naturschoen-kosmetik.de\/wp-content\/uploads\/2013\/10\/permanent_lippe.jpg\" alt=\"\" title=\"permanent_lippe\" width=\"433\" height=\"129\" class=\"aligncenter size-full wp-image-828\" srcset=\"http:\/\/word.naturschoen-kosmetik.de\/wp-content\/uploads\/2013\/10\/permanent_lippe.jpg 433w, http:\/\/word.naturschoen-kosmetik.de\/wp-content\/uploads\/2013\/10\/permanent_lippe-300x89.jpg 300w\" sizes=\"auto, (max-width: 433px) 100vw, 433px\" \/><\/td>\n<\/tr>\n<\/tr>\n<td><strong><big>Korrekturpreise auf Anfrage<\/big><\/strong><\/td>\n<\/tr>\n<\/tr>\n<td><strong><big>Bei jedem Permanent Make Up ist eine Nacharbeit im Preis enthalten!<\/big><\/strong><\/td>\n<\/tr>\n<\/tbody>\n<\/table>\n","protected":false},"excerpt":{"rendered":"<p>Permanent Make Up Das Permanent Make Up dient dazu, Ihre nat\u00fcrliche Sch\u00f6nheit noch deutlicher zu unterstreichen, St\u00e4rken hervorzuheben und kleine Schw\u00e4chen unsichtbar zu machen. Vor allem aber hilft es Ihnen, Zeit zu sparen, wenn es morgens oder bei einer kurzfristigen &hellip; <a href=\"http:\/\/word.naturschoen-kosmetik.de\/?page_id=1008\">Continue reading <span class=\"meta-nav\">&rarr;<\/span><\/a><\/p>\n","protected":false},"author":1,"featured_media":0,"parent":0,"menu_order":0,"comment_status":"closed","ping_status":"closed","template":"onecolumn-page.php","meta":{"footnotes":""},"class_list":["post-1008","page","type-page","status-publish","hentry"],"aioseo_notices":[],"_links":{"self":[{"href":"http:\/\/word.naturschoen-kosmetik.de\/index.php?rest_route=\/wp\/v2\/pages\/1008","targetHints":{"allow":["GET"]}}],"collection":[{"href":"http:\/\/word.naturschoen-kosmetik.de\/index.php?rest_route=\/wp\/v2\/pages"}],"about":[{"href":"http:\/\/word.naturschoen-kosmetik.de\/index.php?rest_route=\/wp\/v2\/types\/page"}],"author":[{"embeddable":true,"href":"http:\/\/word.naturschoen-kosmetik.de\/index.php?rest_route=\/wp\/v2\/users\/1"}],"replies":[{"embeddable":true,"href":"http:\/\/word.naturschoen-kosmetik.de\/index.php?rest_route=%2Fwp%2Fv2%2Fcomments&post=1008"}],"version-history":[{"count":5,"href":"http:\/\/word.naturschoen-kosmetik.de\/index.php?rest_route=\/wp\/v2\/pages\/1008\/revisions"}],"predecessor-version":[{"id":1106,"href":"http:\/\/word.naturschoen-kosmetik.de\/index.php?rest_route=\/wp\/v2\/pages\/1008\/revisions\/1106"}],"wp:attachment":[{"href":"http:\/\/word.naturschoen-kosmetik.de\/index.php?rest_route=%2Fwp%2Fv2%2Fmedia&parent=1008"}],"curies":[{"name":"wp","href":"https:\/\/api.w.org\/{rel}","templated":true}]}}